{"id":416,"date":"2024-07-18T03:03:31","date_gmt":"2024-07-18T03:03:31","guid":{"rendered":"https:\/\/eduinnova.med.uchile.cl\/?page_id=416"},"modified":"2026-03-16T23:07:24","modified_gmt":"2026-03-16T23:07:24","slug":"semana-de-la-innovacion-agosto-2024","status":"publish","type":"page","link":"https:\/\/eduinnova.med.uchile.cl\/index.php\/semana-de-la-innovacion-agosto-2024\/","title":{"rendered":"Semana de la Innovaci\u00f3n Agosto 2024"},"content":{"rendered":"\t\t<div data-elementor-type=\"wp-page\" data-elementor-id=\"416\" class=\"elementor elementor-416\" data-elementor-post-type=\"page\">\n\t\t\t\t<div class=\"elementor-element elementor-element-553270de e-flex e-con-boxed elementor-invisible e-con e-parent\" data-id=\"553270de\" data-element_type=\"container\" data-e-type=\"container\" data-settings=\"{&quot;background_background&quot;:&quot;classic&quot;,&quot;animation&quot;:&quot;fadeIn&quot;}\">\n\t\t\t\t\t<div class=\"e-con-inner\">\n\t\t<div class=\"elementor-element elementor-element-2d000dc8 e-con-full e-flex e-con e-child\" data-id=\"2d000dc8\" data-element_type=\"container\" data-e-type=\"container\">\n\t\t\t\t<div class=\"elementor-element elementor-element-1a52fe1d elementor-widget__width-initial elementor-widget elementor-widget-heading\" data-id=\"1a52fe1d\" data-element_type=\"widget\" data-e-type=\"widget\" data-widget_type=\"heading.default\">\n\t\t\t\t<div class=\"elementor-widget-container\">\n\t\t\t\t\t<h1 class=\"elementor-heading-title elementor-size-default\">Segunda Semana de la Innovaci\u00f3n Agosto 2024<\/h1>\t\t\t\t<\/div>\n\t\t\t\t<\/div>\n\t\t<div class=\"elementor-element elementor-element-040f4e5 e-con-full e-flex e-con e-child\" data-id=\"040f4e5\" data-element_type=\"container\" data-e-type=\"container\" data-settings=\"{&quot;background_background&quot;:&quot;classic&quot;}\">\n\t\t\t\t<\/div>\n\t\t\t\t<\/div>\n\t\t\t\t\t<\/div>\n\t\t\t\t<\/div>\n\t\t<div class=\"elementor-element elementor-element-53978eff e-flex e-con-boxed e-con e-parent\" data-id=\"53978eff\" data-element_type=\"container\" data-e-type=\"container\">\n\t\t\t\t\t<div class=\"e-con-inner\">\n\t\t<div class=\"elementor-element elementor-element-1631ec4 e-con-full e-flex e-con e-child\" data-id=\"1631ec4\" data-element_type=\"container\" data-e-type=\"container\">\n\t\t<div class=\"elementor-element elementor-element-152e1fe e-con-full e-flex e-con e-child\" data-id=\"152e1fe\" data-element_type=\"container\" data-e-type=\"container\" data-settings=\"{&quot;background_background&quot;:&quot;classic&quot;}\">\n\t\t\t\t<\/div>\n\t\t<div class=\"elementor-element elementor-element-37a0b4b1 e-con-full e-flex e-con e-child\" data-id=\"37a0b4b1\" data-element_type=\"container\" data-e-type=\"container\">\n\t\t\t\t<div class=\"elementor-element elementor-element-68251b10 elementor-widget elementor-widget-heading\" data-id=\"68251b10\" data-element_type=\"widget\" data-e-type=\"widget\" data-widget_type=\"heading.default\">\n\t\t\t\t<div class=\"elementor-widget-container\">\n\t\t\t\t\t<h2 class=\"elementor-heading-title elementor-size-default\">Versi\u00f3n agosto 2024<\/h2>\t\t\t\t<\/div>\n\t\t\t\t<\/div>\n\t\t\t\t<div class=\"elementor-element elementor-element-475895f elementor-widget elementor-widget-text-editor\" data-id=\"475895f\" data-element_type=\"widget\" data-e-type=\"widget\" data-widget_type=\"text-editor.default\">\n\t\t\t\t<div class=\"elementor-widget-container\">\n\t\t\t\t\t\t\t\t\t<p>La Semana de Innovaci\u00f3n EduInnovaMed 2024 fue un verdadero hito en nuestra Facultad de Medicina, enfocada en fomentar la innovaci\u00f3n educativa y el perfeccionamiento docente en el \u00e1rea de ciencias de la salud. Con la participaci\u00f3n de m\u00e1s de 200 acad\u00e9micos, profesionales, estudiantes y egresados, esta iniciativa ofreci\u00f3 33 actividades, que incluyeron talleres presenciales y online, dise\u00f1ados para impulsar nuevas estrategias pedag\u00f3gicas.<\/p><p>El objetivo principal de EduInnovaMed es crear espacios que fortalezcan la ense\u00f1anza y el aprendizaje en nuestra comunidad, integrando enfoques innovadores que respondan a los desaf\u00edos actuales de la educaci\u00f3n en salud. Los asistentes participaron activamente en talleres, presentaciones y discusiones lideradas por 25 destacados expositores, lo que refuerza nuestro compromiso con la calidad educativa.<\/p>\t\t\t\t\t\t\t\t<\/div>\n\t\t\t\t<\/div>\n\t\t\t\t<\/div>\n\t\t\t\t<\/div>\n\t\t<div class=\"elementor-element elementor-element-ded6ec0 e-con-full e-flex e-con e-child\" data-id=\"ded6ec0\" data-element_type=\"container\" data-e-type=\"container\" data-settings=\"{&quot;background_background&quot;:&quot;classic&quot;}\">\n\t\t\t\t<\/div>\n\t\t<div class=\"elementor-element elementor-element-7b0759f3 e-con-full e-flex elementor-invisible e-con e-child\" data-id=\"7b0759f3\" data-element_type=\"container\" data-e-type=\"container\" data-settings=\"{&quot;animation&quot;:&quot;fadeInRight&quot;}\">\n\t\t\t\t<div class=\"elementor-element elementor-element-30136ad elementor-widget elementor-widget-text-editor\" data-id=\"30136ad\" data-element_type=\"widget\" data-e-type=\"widget\" data-widget_type=\"text-editor.default\">\n\t\t\t\t<div class=\"elementor-widget-container\">\n\t\t\t\t\t\t\t\t\t<p>Agradecemos profundamente a todos quienes participaron, y esperamos que las herramientas y conocimientos adquiridos durante esta semana sigan impactando positivamente en la formaci\u00f3n de nuestros futuros profesionales de la salud. \u00a1Gracias por sumarse a este esfuerzo conjunto!<\/p><div>\u00a0<\/div><div>EduInnovaMed no termina aqu\u00ed. \u00a1Ya estamos preparando la pr\u00f3xima versi\u00f3n para marzo de 2025! Los invitamos a mantenerse atentos a nuestros canales de informaci\u00f3n para conocer los detalles y participar nuevamente en este espacio de aprendizaje y crecimiento conjunto. \u00a1Nos vemos en la pr\u00f3xima edici\u00f3n!<\/div>\t\t\t\t\t\t\t\t<\/div>\n\t\t\t\t<\/div>\n\t\t<div class=\"elementor-element elementor-element-11d22779 e-con-full e-flex e-con e-child\" data-id=\"11d22779\" data-element_type=\"container\" data-e-type=\"container\">\n\t\t\t\t<div class=\"elementor-element elementor-element-0d93b53 gallery-spacing-custom elementor-widget elementor-widget-image-gallery\" data-id=\"0d93b53\" data-element_type=\"widget\" data-e-type=\"widget\" data-widget_type=\"image-gallery.default\">\n\t\t\t\t<div class=\"elementor-widget-container\">\n\t\t\t\t\t\t\t<div class=\"elementor-image-gallery\">\n\t\t\t<div id='gallery-1' class='gallery galleryid-416 gallery-columns-4 gallery-size-full'><figure class='gallery-item'>\n\t\t\t<div class='gallery-icon landscape'>\n\t\t\t\t<a data-elementor-open-lightbox=\"yes\" data-elementor-lightbox-slideshow=\"0d93b53\" data-elementor-lightbox-title=\"DSC_0062\" data-e-action-hash=\"#elementor-action%3Aaction%3Dlightbox%26settings%3DeyJpZCI6ODU5LCJ1cmwiOiJodHRwczpcL1wvZWR1aW5ub3ZhLm1lZC51Y2hpbGUuY2xcL3dwLWNvbnRlbnRcL3VwbG9hZHNcLzIwMjRcLzA4XC9EU0NfMDA2Mi1zY2FsZWQuanBnIiwic2xpZGVzaG93IjoiMGQ5M2I1MyJ9\" href='https:\/\/eduinnova.med.uchile.cl\/wp-content\/uploads\/2024\/08\/DSC_0062-scaled.jpg'><img fetchpriority=\"high\" decoding=\"async\" width=\"2560\" height=\"1707\" src=\"https:\/\/eduinnova.med.uchile.cl\/wp-content\/uploads\/2024\/08\/DSC_0062-scaled.jpg\" class=\"attachment-full size-full\" alt=\"\" srcset=\"https:\/\/eduinnova.med.uchile.cl\/wp-content\/uploads\/2024\/08\/DSC_0062-scaled.jpg 2560w, https:\/\/eduinnova.med.uchile.cl\/wp-content\/uploads\/2024\/08\/DSC_0062-300x200.jpg 300w, https:\/\/eduinnova.med.uchile.cl\/wp-content\/uploads\/2024\/08\/DSC_0062-1024x683.jpg 1024w, https:\/\/eduinnova.med.uchile.cl\/wp-content\/uploads\/2024\/08\/DSC_0062-768x512.jpg 768w, https:\/\/eduinnova.med.uchile.cl\/wp-content\/uploads\/2024\/08\/DSC_0062-1536x1024.jpg 1536w, https:\/\/eduinnova.med.uchile.cl\/wp-content\/uploads\/2024\/08\/DSC_0062-2048x1365.jpg 2048w\" sizes=\"(max-width: 2560px) 100vw, 2560px\" \/><\/a>\n\t\t\t<\/div><\/figure><figure class='gallery-item'>\n\t\t\t<div class='gallery-icon landscape'>\n\t\t\t\t<a data-elementor-open-lightbox=\"yes\" data-elementor-lightbox-slideshow=\"0d93b53\" data-elementor-lightbox-title=\"DSC_0022\" data-e-action-hash=\"#elementor-action%3Aaction%3Dlightbox%26settings%3DeyJpZCI6ODYyLCJ1cmwiOiJodHRwczpcL1wvZWR1aW5ub3ZhLm1lZC51Y2hpbGUuY2xcL3dwLWNvbnRlbnRcL3VwbG9hZHNcLzIwMjRcLzA4XC9EU0NfMDAyMi1zY2FsZWQuanBnIiwic2xpZGVzaG93IjoiMGQ5M2I1MyJ9\" href='https:\/\/eduinnova.med.uchile.cl\/wp-content\/uploads\/2024\/08\/DSC_0022-scaled.jpg'><img decoding=\"async\" width=\"2560\" height=\"1707\" src=\"https:\/\/eduinnova.med.uchile.cl\/wp-content\/uploads\/2024\/08\/DSC_0022-scaled.jpg\" class=\"attachment-full size-full\" alt=\"\" srcset=\"https:\/\/eduinnova.med.uchile.cl\/wp-content\/uploads\/2024\/08\/DSC_0022-scaled.jpg 2560w, https:\/\/eduinnova.med.uchile.cl\/wp-content\/uploads\/2024\/08\/DSC_0022-300x200.jpg 300w, https:\/\/eduinnova.med.uchile.cl\/wp-content\/uploads\/2024\/08\/DSC_0022-1024x683.jpg 1024w, https:\/\/eduinnova.med.uchile.cl\/wp-content\/uploads\/2024\/08\/DSC_0022-768x512.jpg 768w, https:\/\/eduinnova.med.uchile.cl\/wp-content\/uploads\/2024\/08\/DSC_0022-1536x1024.jpg 1536w, https:\/\/eduinnova.med.uchile.cl\/wp-content\/uploads\/2024\/08\/DSC_0022-2048x1365.jpg 2048w\" sizes=\"(max-width: 2560px) 100vw, 2560px\" \/><\/a>\n\t\t\t<\/div><\/figure><figure class='gallery-item'>\n\t\t\t<div class='gallery-icon landscape'>\n\t\t\t\t<a data-elementor-open-lightbox=\"yes\" data-elementor-lightbox-slideshow=\"0d93b53\" data-elementor-lightbox-title=\"DSC_0024\" data-e-action-hash=\"#elementor-action%3Aaction%3Dlightbox%26settings%3DeyJpZCI6ODYzLCJ1cmwiOiJodHRwczpcL1wvZWR1aW5ub3ZhLm1lZC51Y2hpbGUuY2xcL3dwLWNvbnRlbnRcL3VwbG9hZHNcLzIwMjRcLzA4XC9EU0NfMDAyNC1zY2FsZWQuanBnIiwic2xpZGVzaG93IjoiMGQ5M2I1MyJ9\" href='https:\/\/eduinnova.med.uchile.cl\/wp-content\/uploads\/2024\/08\/DSC_0024-scaled.jpg'><img decoding=\"async\" width=\"2560\" height=\"1707\" src=\"https:\/\/eduinnova.med.uchile.cl\/wp-content\/uploads\/2024\/08\/DSC_0024-scaled.jpg\" class=\"attachment-full size-full\" alt=\"\" srcset=\"https:\/\/eduinnova.med.uchile.cl\/wp-content\/uploads\/2024\/08\/DSC_0024-scaled.jpg 2560w, https:\/\/eduinnova.med.uchile.cl\/wp-content\/uploads\/2024\/08\/DSC_0024-300x200.jpg 300w, https:\/\/eduinnova.med.uchile.cl\/wp-content\/uploads\/2024\/08\/DSC_0024-1024x683.jpg 1024w, https:\/\/eduinnova.med.uchile.cl\/wp-content\/uploads\/2024\/08\/DSC_0024-768x512.jpg 768w, https:\/\/eduinnova.med.uchile.cl\/wp-content\/uploads\/2024\/08\/DSC_0024-1536x1024.jpg 1536w, https:\/\/eduinnova.med.uchile.cl\/wp-content\/uploads\/2024\/08\/DSC_0024-2048x1365.jpg 2048w\" sizes=\"(max-width: 2560px) 100vw, 2560px\" \/><\/a>\n\t\t\t<\/div><\/figure><figure class='gallery-item'>\n\t\t\t<div class='gallery-icon landscape'>\n\t\t\t\t<a data-elementor-open-lightbox=\"yes\" data-elementor-lightbox-slideshow=\"0d93b53\" data-elementor-lightbox-title=\"DSC_0041\" data-e-action-hash=\"#elementor-action%3Aaction%3Dlightbox%26settings%3DeyJpZCI6ODY0LCJ1cmwiOiJodHRwczpcL1wvZWR1aW5ub3ZhLm1lZC51Y2hpbGUuY2xcL3dwLWNvbnRlbnRcL3VwbG9hZHNcLzIwMjRcLzA4XC9EU0NfMDA0MS1zY2FsZWQuanBnIiwic2xpZGVzaG93IjoiMGQ5M2I1MyJ9\" href='https:\/\/eduinnova.med.uchile.cl\/wp-content\/uploads\/2024\/08\/DSC_0041-scaled.jpg'><img loading=\"lazy\" decoding=\"async\" width=\"2560\" height=\"1707\" src=\"https:\/\/eduinnova.med.uchile.cl\/wp-content\/uploads\/2024\/08\/DSC_0041-scaled.jpg\" class=\"attachment-full size-full\" alt=\"\" srcset=\"https:\/\/eduinnova.med.uchile.cl\/wp-content\/uploads\/2024\/08\/DSC_0041-scaled.jpg 2560w, https:\/\/eduinnova.med.uchile.cl\/wp-content\/uploads\/2024\/08\/DSC_0041-300x200.jpg 300w, https:\/\/eduinnova.med.uchile.cl\/wp-content\/uploads\/2024\/08\/DSC_0041-1024x683.jpg 1024w, https:\/\/eduinnova.med.uchile.cl\/wp-content\/uploads\/2024\/08\/DSC_0041-768x512.jpg 768w, https:\/\/eduinnova.med.uchile.cl\/wp-content\/uploads\/2024\/08\/DSC_0041-1536x1024.jpg 1536w, https:\/\/eduinnova.med.uchile.cl\/wp-content\/uploads\/2024\/08\/DSC_0041-2048x1365.jpg 2048w\" sizes=\"(max-width: 2560px) 100vw, 2560px\" \/><\/a>\n\t\t\t<\/div><\/figure><figure class='gallery-item'>\n\t\t\t<div class='gallery-icon landscape'>\n\t\t\t\t<a data-elementor-open-lightbox=\"yes\" data-elementor-lightbox-slideshow=\"0d93b53\" data-elementor-lightbox-title=\"DSC_0057\" data-e-action-hash=\"#elementor-action%3Aaction%3Dlightbox%26settings%3DeyJpZCI6ODY1LCJ1cmwiOiJodHRwczpcL1wvZWR1aW5ub3ZhLm1lZC51Y2hpbGUuY2xcL3dwLWNvbnRlbnRcL3VwbG9hZHNcLzIwMjRcLzA4XC9EU0NfMDA1Ny1zY2FsZWQuanBnIiwic2xpZGVzaG93IjoiMGQ5M2I1MyJ9\" href='https:\/\/eduinnova.med.uchile.cl\/wp-content\/uploads\/2024\/08\/DSC_0057-scaled.jpg'><img loading=\"lazy\" decoding=\"async\" width=\"2560\" height=\"1707\" src=\"https:\/\/eduinnova.med.uchile.cl\/wp-content\/uploads\/2024\/08\/DSC_0057-scaled.jpg\" class=\"attachment-full size-full\" alt=\"\" srcset=\"https:\/\/eduinnova.med.uchile.cl\/wp-content\/uploads\/2024\/08\/DSC_0057-scaled.jpg 2560w, https:\/\/eduinnova.med.uchile.cl\/wp-content\/uploads\/2024\/08\/DSC_0057-300x200.jpg 300w, https:\/\/eduinnova.med.uchile.cl\/wp-content\/uploads\/2024\/08\/DSC_0057-1024x683.jpg 1024w, https:\/\/eduinnova.med.uchile.cl\/wp-content\/uploads\/2024\/08\/DSC_0057-768x512.jpg 768w, https:\/\/eduinnova.med.uchile.cl\/wp-content\/uploads\/2024\/08\/DSC_0057-1536x1024.jpg 1536w, https:\/\/eduinnova.med.uchile.cl\/wp-content\/uploads\/2024\/08\/DSC_0057-2048x1365.jpg 2048w\" sizes=\"(max-width: 2560px) 100vw, 2560px\" \/><\/a>\n\t\t\t<\/div><\/figure><figure class='gallery-item'>\n\t\t\t<div class='gallery-icon landscape'>\n\t\t\t\t<a data-elementor-open-lightbox=\"yes\" data-elementor-lightbox-slideshow=\"0d93b53\" data-elementor-lightbox-title=\"53950156750_dc8d26a84d_b\" data-e-action-hash=\"#elementor-action%3Aaction%3Dlightbox%26settings%3DeyJpZCI6ODY2LCJ1cmwiOiJodHRwczpcL1wvZWR1aW5ub3ZhLm1lZC51Y2hpbGUuY2xcL3dwLWNvbnRlbnRcL3VwbG9hZHNcLzIwMjRcLzA4XC81Mzk1MDE1Njc1MF9kYzhkMjZhODRkX2IuanBnIiwic2xpZGVzaG93IjoiMGQ5M2I1MyJ9\" href='https:\/\/eduinnova.med.uchile.cl\/wp-content\/uploads\/2024\/08\/53950156750_dc8d26a84d_b.jpg'><img loading=\"lazy\" decoding=\"async\" width=\"921\" height=\"462\" src=\"https:\/\/eduinnova.med.uchile.cl\/wp-content\/uploads\/2024\/08\/53950156750_dc8d26a84d_b.jpg\" class=\"attachment-full size-full\" alt=\"\" srcset=\"https:\/\/eduinnova.med.uchile.cl\/wp-content\/uploads\/2024\/08\/53950156750_dc8d26a84d_b.jpg 921w, https:\/\/eduinnova.med.uchile.cl\/wp-content\/uploads\/2024\/08\/53950156750_dc8d26a84d_b-300x150.jpg 300w, https:\/\/eduinnova.med.uchile.cl\/wp-content\/uploads\/2024\/08\/53950156750_dc8d26a84d_b-768x385.jpg 768w\" sizes=\"(max-width: 921px) 100vw, 921px\" \/><\/a>\n\t\t\t<\/div><\/figure><figure class='gallery-item'>\n\t\t\t<div class='gallery-icon landscape'>\n\t\t\t\t<a data-elementor-open-lightbox=\"yes\" data-elementor-lightbox-slideshow=\"0d93b53\" data-elementor-lightbox-title=\"53950027909_3d29de2140_b\" data-e-action-hash=\"#elementor-action%3Aaction%3Dlightbox%26settings%3DeyJpZCI6ODY3LCJ1cmwiOiJodHRwczpcL1wvZWR1aW5ub3ZhLm1lZC51Y2hpbGUuY2xcL3dwLWNvbnRlbnRcL3VwbG9hZHNcLzIwMjRcLzA4XC81Mzk1MDAyNzkwOV8zZDI5ZGUyMTQwX2IuanBnIiwic2xpZGVzaG93IjoiMGQ5M2I1MyJ9\" href='https:\/\/eduinnova.med.uchile.cl\/wp-content\/uploads\/2024\/08\/53950027909_3d29de2140_b.jpg'><img loading=\"lazy\" decoding=\"async\" width=\"921\" height=\"480\" src=\"https:\/\/eduinnova.med.uchile.cl\/wp-content\/uploads\/2024\/08\/53950027909_3d29de2140_b.jpg\" class=\"attachment-full size-full\" alt=\"\" srcset=\"https:\/\/eduinnova.med.uchile.cl\/wp-content\/uploads\/2024\/08\/53950027909_3d29de2140_b.jpg 921w, https:\/\/eduinnova.med.uchile.cl\/wp-content\/uploads\/2024\/08\/53950027909_3d29de2140_b-300x156.jpg 300w, https:\/\/eduinnova.med.uchile.cl\/wp-content\/uploads\/2024\/08\/53950027909_3d29de2140_b-768x400.jpg 768w\" sizes=\"(max-width: 921px) 100vw, 921px\" \/><\/a>\n\t\t\t<\/div><\/figure><figure class='gallery-item'>\n\t\t\t<div class='gallery-icon landscape'>\n\t\t\t\t<a data-elementor-open-lightbox=\"yes\" data-elementor-lightbox-slideshow=\"0d93b53\" data-elementor-lightbox-title=\"53950027924_c54580b65f_b\" data-e-action-hash=\"#elementor-action%3Aaction%3Dlightbox%26settings%3DeyJpZCI6ODY5LCJ1cmwiOiJodHRwczpcL1wvZWR1aW5ub3ZhLm1lZC51Y2hpbGUuY2xcL3dwLWNvbnRlbnRcL3VwbG9hZHNcLzIwMjRcLzA4XC81Mzk1MDAyNzkyNF9jNTQ1ODBiNjVmX2IuanBnIiwic2xpZGVzaG93IjoiMGQ5M2I1MyJ9\" href='https:\/\/eduinnova.med.uchile.cl\/wp-content\/uploads\/2024\/08\/53950027924_c54580b65f_b.jpg'><img loading=\"lazy\" decoding=\"async\" width=\"921\" height=\"495\" src=\"https:\/\/eduinnova.med.uchile.cl\/wp-content\/uploads\/2024\/08\/53950027924_c54580b65f_b.jpg\" class=\"attachment-full size-full\" alt=\"\" srcset=\"https:\/\/eduinnova.med.uchile.cl\/wp-content\/uploads\/2024\/08\/53950027924_c54580b65f_b.jpg 921w, https:\/\/eduinnova.med.uchile.cl\/wp-content\/uploads\/2024\/08\/53950027924_c54580b65f_b-300x161.jpg 300w, https:\/\/eduinnova.med.uchile.cl\/wp-content\/uploads\/2024\/08\/53950027924_c54580b65f_b-768x413.jpg 768w\" sizes=\"(max-width: 921px) 100vw, 921px\" \/><\/a>\n\t\t\t<\/div><\/figure>\n\t\t<\/div>\n\t\t<\/div>\n\t\t\t\t\t\t<\/div>\n\t\t\t\t<\/div>\n\t\t\t\t<div class=\"elementor-element elementor-element-107c6fe elementor-widget elementor-widget-text-editor\" data-id=\"107c6fe\" data-element_type=\"widget\" data-e-type=\"widget\" data-widget_type=\"text-editor.default\">\n\t\t\t\t<div class=\"elementor-widget-container\">\n\t\t\t\t\t\t\t\t\t<p>Agradecemos profundamente a todos quienes participaron, y esperamos que las herramientas y conocimientos adquiridos durante esta semana sigan impactando positivamente en la formaci\u00f3n de nuestros futuros profesionales de la salud. \u00a1Gracias por sumarse a este esfuerzo conjunto!<\/p><div>\u00a0<\/div><div>EduInnovaMed no termina aqu\u00ed. \u00a1Ya estamos preparando la pr\u00f3xima versi\u00f3n para marzo de 2025! Los invitamos a mantenerse atentos a nuestros canales de informaci\u00f3n para conocer los detalles y participar nuevamente en este espacio de aprendizaje y crecimiento conjunto. \u00a1Nos vemos en la pr\u00f3xima edici\u00f3n!<\/div>\t\t\t\t\t\t\t\t<\/div>\n\t\t\t\t<\/div>\n\t\t\t\t<div class=\"elementor-element elementor-element-112d674a elementor-widget elementor-widget-heading\" data-id=\"112d674a\" data-element_type=\"widget\" data-e-type=\"widget\" data-widget_type=\"heading.default\">\n\t\t\t\t<div class=\"elementor-widget-container\">\n\t\t\t\t\t<h2 class=\"elementor-heading-title elementor-size-default\">\u00a1Gracias por ser parte de este viaje transformador!<\/h2>\t\t\t\t<\/div>\n\t\t\t\t<\/div>\n\t\t<div class=\"elementor-element elementor-element-8b8a069 e-con-full e-flex e-con e-child\" data-id=\"8b8a069\" data-element_type=\"container\" data-e-type=\"container\" data-settings=\"{&quot;background_background&quot;:&quot;classic&quot;}\">\n\t\t\t\t<\/div>\n\t\t\t\t<\/div>\n\t\t\t\t<\/div>\n\t\t\t\t\t<\/div>\n\t\t\t\t<\/div>\n\t\t<div class=\"elementor-element elementor-element-20d0d85 e-flex e-con-boxed e-con e-parent\" data-id=\"20d0d85\" data-element_type=\"container\" data-e-type=\"container\">\n\t\t\t\t\t<div class=\"e-con-inner\">\n\t\t\t\t<div class=\"elementor-element elementor-element-e5e7dba elementor-widget elementor-widget-spacer\" data-id=\"e5e7dba\" data-element_type=\"widget\" data-e-type=\"widget\" data-widget_type=\"spacer.default\">\n\t\t\t\t<div class=\"elementor-widget-container\">\n\t\t\t\t\t\t\t<div class=\"elementor-spacer\">\n\t\t\t<div class=\"elementor-spacer-inner\"><\/div>\n\t\t<\/div>\n\t\t\t\t\t\t<\/div>\n\t\t\t\t<\/div>\n\t\t\t\t\t<\/div>\n\t\t\t\t<\/div>\n\t\t\t\t<\/div>\n\t\t","protected":false},"excerpt":{"rendered":"<p>Segunda Semana de la Innovaci\u00f3n Agosto 2024 Versi\u00f3n agosto 2024 La Semana de Innovaci\u00f3n EduInnovaMed 2024 fue un verdadero hito en nuestra Facultad de Medicina, enfocada en fomentar la innovaci\u00f3n educativa y el perfeccionamiento docente en el \u00e1rea de ciencias de la salud. Con la participaci\u00f3n de m\u00e1s de 200 acad\u00e9micos, profesionales, estudiantes y egresados, [&hellip;]<\/p>\n","protected":false},"author":1,"featured_media":0,"parent":0,"menu_order":0,"comment_status":"closed","ping_status":"closed","template":"","meta":{"footnotes":""},"class_list":["post-416","page","type-page","status-publish","hentry"],"_links":{"self":[{"href":"https:\/\/eduinnova.med.uchile.cl\/index.php\/wp-json\/wp\/v2\/pages\/416","targetHints":{"allow":["GET"]}}],"collection":[{"href":"https:\/\/eduinnova.med.uchile.cl\/index.php\/wp-json\/wp\/v2\/pages"}],"about":[{"href":"https:\/\/eduinnova.med.uchile.cl\/index.php\/wp-json\/wp\/v2\/types\/page"}],"author":[{"embeddable":true,"href":"https:\/\/eduinnova.med.uchile.cl\/index.php\/wp-json\/wp\/v2\/users\/1"}],"replies":[{"embeddable":true,"href":"https:\/\/eduinnova.med.uchile.cl\/index.php\/wp-json\/wp\/v2\/comments?post=416"}],"version-history":[{"count":157,"href":"https:\/\/eduinnova.med.uchile.cl\/index.php\/wp-json\/wp\/v2\/pages\/416\/revisions"}],"predecessor-version":[{"id":3684,"href":"https:\/\/eduinnova.med.uchile.cl\/index.php\/wp-json\/wp\/v2\/pages\/416\/revisions\/3684"}],"wp:attachment":[{"href":"https:\/\/eduinnova.med.uchile.cl\/index.php\/wp-json\/wp\/v2\/media?parent=416"}],"curies":[{"name":"wp","href":"https:\/\/api.w.org\/{rel}","templated":true}]}}