{"id":501,"date":"2024-07-22T14:34:26","date_gmt":"2024-07-22T14:34:26","guid":{"rendered":"https:\/\/eduinnova.med.uchile.cl\/?page_id=501"},"modified":"2026-03-16T22:58:36","modified_gmt":"2026-03-16T22:58:36","slug":"semana-de-la-innovacion-marzo-2024","status":"publish","type":"page","link":"https:\/\/eduinnova.med.uchile.cl\/index.php\/semana-de-la-innovacion-marzo-2024\/","title":{"rendered":"Semana de la Innovaci\u00f3n Marzo 2024"},"content":{"rendered":"\t\t<div data-elementor-type=\"wp-page\" data-elementor-id=\"501\" class=\"elementor elementor-501\" data-elementor-post-type=\"page\">\n\t\t\t\t<div class=\"elementor-element elementor-element-3205ab05 e-flex e-con-boxed elementor-invisible e-con e-parent\" data-id=\"3205ab05\" data-element_type=\"container\" data-e-type=\"container\" data-settings=\"{&quot;background_background&quot;:&quot;classic&quot;,&quot;animation&quot;:&quot;fadeIn&quot;}\">\n\t\t\t\t\t<div class=\"e-con-inner\">\n\t\t<div class=\"elementor-element elementor-element-367b0ef e-con-full e-flex e-con e-child\" data-id=\"367b0ef\" data-element_type=\"container\" data-e-type=\"container\">\n\t\t\t\t<div class=\"elementor-element elementor-element-568b0034 elementor-widget__width-initial elementor-widget elementor-widget-heading\" data-id=\"568b0034\" data-element_type=\"widget\" data-e-type=\"widget\" data-widget_type=\"heading.default\">\n\t\t\t\t<div class=\"elementor-widget-container\">\n\t\t\t\t\t<h1 class=\"elementor-heading-title elementor-size-default\">Primera Semana de la Innovaci\u00f3n Marzo 2024<\/h1>\t\t\t\t<\/div>\n\t\t\t\t<\/div>\n\t\t<div class=\"elementor-element elementor-element-bff7cd8 e-con-full e-flex e-con e-child\" data-id=\"bff7cd8\" data-element_type=\"container\" data-e-type=\"container\" data-settings=\"{&quot;background_background&quot;:&quot;classic&quot;}\">\n\t\t\t\t<div class=\"elementor-element elementor-element-708a84b2 elementor-widget__width-initial elementor-widget elementor-widget-text-editor\" data-id=\"708a84b2\" data-element_type=\"widget\" data-e-type=\"widget\" data-widget_type=\"text-editor.default\">\n\t\t\t\t<div class=\"elementor-widget-container\">\n\t\t\t\t\t\t\t\t\t<p>Un encuentro inspirador y transformador<\/p>\t\t\t\t\t\t\t\t<\/div>\n\t\t\t\t<\/div>\n\t\t\t\t<\/div>\n\t\t\t\t<\/div>\n\t\t\t\t\t<\/div>\n\t\t\t\t<\/div>\n\t\t<div class=\"elementor-element elementor-element-63434b61 e-flex e-con-boxed e-con e-parent\" data-id=\"63434b61\" data-element_type=\"container\" data-e-type=\"container\">\n\t\t\t\t\t<div class=\"e-con-inner\">\n\t\t\t\t<div class=\"elementor-element elementor-element-6d7672b1 elementor-widget elementor-widget-menu-anchor\" data-id=\"6d7672b1\" data-element_type=\"widget\" data-e-type=\"widget\" data-widget_type=\"menu-anchor.default\">\n\t\t\t\t<div class=\"elementor-widget-container\">\n\t\t\t\t\t\t\t<div class=\"elementor-menu-anchor\" id=\"SobreEdu\"><\/div>\n\t\t\t\t\t\t<\/div>\n\t\t\t\t<\/div>\n\t\t<div class=\"elementor-element elementor-element-4babae5 e-con-full e-flex e-con e-child\" data-id=\"4babae5\" data-element_type=\"container\" data-e-type=\"container\">\n\t\t<div class=\"elementor-element elementor-element-f35dbaf e-con-full e-flex e-con e-child\" data-id=\"f35dbaf\" data-element_type=\"container\" data-e-type=\"container\" data-settings=\"{&quot;background_background&quot;:&quot;classic&quot;}\">\n\t\t\t\t<\/div>\n\t\t<div class=\"elementor-element elementor-element-60d01a6 e-con-full e-flex e-con e-child\" data-id=\"60d01a6\" data-element_type=\"container\" data-e-type=\"container\">\n\t\t\t\t<div class=\"elementor-element elementor-element-6ee7f8bc elementor-widget elementor-widget-heading\" data-id=\"6ee7f8bc\" data-element_type=\"widget\" data-e-type=\"widget\" data-widget_type=\"heading.default\">\n\t\t\t\t<div class=\"elementor-widget-container\">\n\t\t\t\t\t<h2 class=\"elementor-heading-title elementor-size-default\">Versi\u00f3n marzo 2024<\/h2>\t\t\t\t<\/div>\n\t\t\t\t<\/div>\n\t\t\t\t<div class=\"elementor-element elementor-element-1013084 elementor-widget elementor-widget-text-editor\" data-id=\"1013084\" data-element_type=\"widget\" data-e-type=\"widget\" data-widget_type=\"text-editor.default\">\n\t\t\t\t<div class=\"elementor-widget-container\">\n\t\t\t\t\t\t\t\t\t<p><span style=\"font-weight: 400;\">Esta versi\u00f3n, realizada desde el lunes 11 al viernes 15 de marzo, congreg\u00f3 a un selecto grupo de referentes, acad\u00e9micos y profesionales de la salud, quienes se reunieron con el objetivo de intercambiar ideas y experiencias en torno a la innovaci\u00f3n e investigaci\u00f3n en educaci\u00f3n m\u00e9dica.\u00a0<\/span><\/p><p><span style=\"font-weight: 400;\">Este evento, organizado en conjunto con la Direcci\u00f3n Acad\u00e9mica, el Centro de Ense\u00f1anza y Aprendizaje, el Centro de Habilidades Cl\u00ednicas y el Departamento de Educaci\u00f3n en Ciencias de la Salud de la Facultad de Medicina de la Universidad de Chile, se consolid\u00f3 como un espacio sin igual para el aprendizaje colaborativo.\u00a0<\/span><\/p>\t\t\t\t\t\t\t\t<\/div>\n\t\t\t\t<\/div>\n\t\t\t\t<\/div>\n\t\t\t\t<\/div>\n\t\t<div class=\"elementor-element elementor-element-45b7ebd e-con-full e-flex e-con e-child\" data-id=\"45b7ebd\" data-element_type=\"container\" data-e-type=\"container\" data-settings=\"{&quot;background_background&quot;:&quot;classic&quot;}\">\n\t\t\t\t<\/div>\n\t\t<div class=\"elementor-element elementor-element-556c979 e-con-full e-flex elementor-invisible e-con e-child\" data-id=\"556c979\" data-element_type=\"container\" data-e-type=\"container\" data-settings=\"{&quot;animation&quot;:&quot;fadeIn&quot;}\">\n\t\t\t\t<div class=\"elementor-element elementor-element-6803609 elementor-widget elementor-widget-text-editor\" data-id=\"6803609\" data-element_type=\"widget\" data-e-type=\"widget\" data-widget_type=\"text-editor.default\">\n\t\t\t\t<div class=\"elementor-widget-container\">\n\t\t\t\t\t\t\t\t\t<p><span style=\"font-weight: 400;\">A lo largo de cinco d\u00edas, se desarrollaron un total de 35 actividades, contando con la participaci\u00f3n de 26 destacados expositores acad\u00e9micos. La programaci\u00f3n ofrecida abarc\u00f3 una amplia gama de formatos, desde talleres pr\u00e1cticos hasta presentaciones magistrales, brindando a los asistentes m\u00faltiples oportunidades para nutrirse de conocimientos, debatir y colaborar en el progreso de la educaci\u00f3n en ciencias de la salud.<\/span><\/p><p><span style=\"font-weight: 400;\">Desde la organizaci\u00f3n de este evento, expresamos nuestro m\u00e1s profundo agradecimiento a todos los participantes por su invaluable contribuci\u00f3n. Su entusiasmo, compromiso y aportes han sido fundamentales para marcar un hito en la innovaci\u00f3n educativa en salud.<\/span><\/p>\t\t\t\t\t\t\t\t<\/div>\n\t\t\t\t<\/div>\n\t\t<div class=\"elementor-element elementor-element-e8d0889 e-con-full e-flex e-con e-child\" data-id=\"e8d0889\" data-element_type=\"container\" data-e-type=\"container\">\n\t\t<div class=\"elementor-element elementor-element-4812ed3 e-con-full e-flex e-con e-child\" data-id=\"4812ed3\" data-element_type=\"container\" data-e-type=\"container\" data-settings=\"{&quot;background_background&quot;:&quot;slideshow&quot;,&quot;background_slideshow_gallery&quot;:[{&quot;id&quot;:865,&quot;url&quot;:&quot;https:\\\/\\\/eduinnova.med.uchile.cl\\\/wp-content\\\/uploads\\\/2024\\\/08\\\/DSC_0057-scaled.jpg&quot;},{&quot;id&quot;:866,&quot;url&quot;:&quot;https:\\\/\\\/eduinnova.med.uchile.cl\\\/wp-content\\\/uploads\\\/2024\\\/08\\\/53950156750_dc8d26a84d_b.jpg&quot;},{&quot;id&quot;:867,&quot;url&quot;:&quot;https:\\\/\\\/eduinnova.med.uchile.cl\\\/wp-content\\\/uploads\\\/2024\\\/08\\\/53950027909_3d29de2140_b.jpg&quot;},{&quot;id&quot;:868,&quot;url&quot;:&quot;https:\\\/\\\/eduinnova.med.uchile.cl\\\/wp-content\\\/uploads\\\/2024\\\/08\\\/53949701886_c5886738e1_b.jpg&quot;},{&quot;id&quot;:869,&quot;url&quot;:&quot;https:\\\/\\\/eduinnova.med.uchile.cl\\\/wp-content\\\/uploads\\\/2024\\\/08\\\/53950027924_c54580b65f_b.jpg&quot;}],&quot;background_slideshow_loop&quot;:&quot;yes&quot;,&quot;background_slideshow_slide_duration&quot;:5000,&quot;background_slideshow_slide_transition&quot;:&quot;fade&quot;,&quot;background_slideshow_transition_duration&quot;:500}\">\n\t\t\t\t<\/div>\n\t\t\t\t<div class=\"elementor-element elementor-element-339229c elementor-widget elementor-widget-text-editor\" data-id=\"339229c\" data-element_type=\"widget\" data-e-type=\"widget\" data-widget_type=\"text-editor.default\">\n\t\t\t\t<div class=\"elementor-widget-container\">\n\t\t\t\t\t\t\t\t\t<p><span style=\"font-weight: 400;\">En el marco del compromiso permanente con el fomento de la innovaci\u00f3n y la excelencia en la educaci\u00f3n m\u00e9dica, nos complace anunciar que ya estamos trabajando en la pr\u00f3xima versi\u00f3n, registrando as\u00ed nuestro legado: EduInnovaMED.<\/span><\/p>\t\t\t\t\t\t\t\t<\/div>\n\t\t\t\t<\/div>\n\t\t\t\t<div class=\"elementor-element elementor-element-1fe7d0f elementor-widget elementor-widget-heading\" data-id=\"1fe7d0f\" data-element_type=\"widget\" data-e-type=\"widget\" data-widget_type=\"heading.default\">\n\t\t\t\t<div class=\"elementor-widget-container\">\n\t\t\t\t\t<h2 class=\"elementor-heading-title elementor-size-default\">\u00a1Gracias por ser parte de este viaje transformador!<\/h2>\t\t\t\t<\/div>\n\t\t\t\t<\/div>\n\t\t<div class=\"elementor-element elementor-element-a6aca78 e-con-full e-flex e-con e-child\" data-id=\"a6aca78\" data-element_type=\"container\" data-e-type=\"container\" data-settings=\"{&quot;background_background&quot;:&quot;classic&quot;}\">\n\t\t\t\t<\/div>\n\t\t\t\t<\/div>\n\t\t\t\t<\/div>\n\t\t\t\t\t<\/div>\n\t\t\t\t<\/div>\n\t\t<div class=\"elementor-element elementor-element-817651e e-flex e-con-boxed e-con e-parent\" data-id=\"817651e\" data-element_type=\"container\" data-e-type=\"container\">\n\t\t\t\t\t<div class=\"e-con-inner\">\n\t\t\t\t<div class=\"elementor-element elementor-element-15bcfdc elementor-widget elementor-widget-spacer\" data-id=\"15bcfdc\" data-element_type=\"widget\" data-e-type=\"widget\" data-widget_type=\"spacer.default\">\n\t\t\t\t<div class=\"elementor-widget-container\">\n\t\t\t\t\t\t\t<div class=\"elementor-spacer\">\n\t\t\t<div class=\"elementor-spacer-inner\"><\/div>\n\t\t<\/div>\n\t\t\t\t\t\t<\/div>\n\t\t\t\t<\/div>\n\t\t\t\t\t<\/div>\n\t\t\t\t<\/div>\n\t\t\t\t<\/div>\n\t\t","protected":false},"excerpt":{"rendered":"<p>Primera Semana de la Innovaci\u00f3n Marzo 2024 Un encuentro inspirador y transformador Versi\u00f3n marzo 2024 Esta versi\u00f3n, realizada desde el lunes 11 al viernes 15 de marzo, congreg\u00f3 a un selecto grupo de referentes, acad\u00e9micos y profesionales de la salud, quienes se reunieron con el objetivo de intercambiar ideas y experiencias en torno a la [&hellip;]<\/p>\n","protected":false},"author":1,"featured_media":0,"parent":0,"menu_order":0,"comment_status":"closed","ping_status":"closed","template":"","meta":{"footnotes":""},"class_list":["post-501","page","type-page","status-publish","hentry"],"_links":{"self":[{"href":"https:\/\/eduinnova.med.uchile.cl\/index.php\/wp-json\/wp\/v2\/pages\/501","targetHints":{"allow":["GET"]}}],"collection":[{"href":"https:\/\/eduinnova.med.uchile.cl\/index.php\/wp-json\/wp\/v2\/pages"}],"about":[{"href":"https:\/\/eduinnova.med.uchile.cl\/index.php\/wp-json\/wp\/v2\/types\/page"}],"author":[{"embeddable":true,"href":"https:\/\/eduinnova.med.uchile.cl\/index.php\/wp-json\/wp\/v2\/users\/1"}],"replies":[{"embeddable":true,"href":"https:\/\/eduinnova.med.uchile.cl\/index.php\/wp-json\/wp\/v2\/comments?post=501"}],"version-history":[{"count":157,"href":"https:\/\/eduinnova.med.uchile.cl\/index.php\/wp-json\/wp\/v2\/pages\/501\/revisions"}],"predecessor-version":[{"id":3661,"href":"https:\/\/eduinnova.med.uchile.cl\/index.php\/wp-json\/wp\/v2\/pages\/501\/revisions\/3661"}],"wp:attachment":[{"href":"https:\/\/eduinnova.med.uchile.cl\/index.php\/wp-json\/wp\/v2\/media?parent=501"}],"curies":[{"name":"wp","href":"https:\/\/api.w.org\/{rel}","templated":true}]}}