{"id":765,"date":"2024-08-07T16:03:11","date_gmt":"2024-08-07T16:03:11","guid":{"rendered":"https:\/\/eduinnova.med.uchile.cl\/?page_id=765"},"modified":"2026-01-30T15:09:07","modified_gmt":"2026-01-30T15:09:07","slug":"boletines","status":"publish","type":"page","link":"https:\/\/eduinnova.med.uchile.cl\/index.php\/boletines\/","title":{"rendered":"Boletines"},"content":{"rendered":"\t\t<div data-elementor-type=\"wp-page\" data-elementor-id=\"765\" class=\"elementor elementor-765\" data-elementor-post-type=\"page\">\n\t\t\t\t<div class=\"elementor-element elementor-element-5155e5d e-flex e-con-boxed elementor-invisible e-con e-parent\" data-id=\"5155e5d\" data-element_type=\"container\" data-e-type=\"container\" data-settings=\"{&quot;background_background&quot;:&quot;classic&quot;,&quot;shape_divider_bottom&quot;:&quot;triangle&quot;,&quot;shape_divider_bottom_negative&quot;:&quot;yes&quot;,&quot;animation&quot;:&quot;fadeIn&quot;}\">\n\t\t\t\t\t<div class=\"e-con-inner\">\n\t\t\t\t<div class=\"elementor-shape elementor-shape-bottom\" aria-hidden=\"true\" data-negative=\"true\">\n\t\t\t<svg xmlns=\"http:\/\/www.w3.org\/2000\/svg\" viewBox=\"0 0 1000 100\" preserveAspectRatio=\"none\">\n\t<path class=\"elementor-shape-fill\" d=\"M500.2,94.7L0,0v100h1000V0L500.2,94.7z\"\/>\n<\/svg>\t\t<\/div>\n\t\t\t\t<div class=\"elementor-element elementor-element-6d87c4ce elementor-widget__width-initial elementor-widget elementor-widget-heading\" data-id=\"6d87c4ce\" data-element_type=\"widget\" data-e-type=\"widget\" data-widget_type=\"heading.default\">\n\t\t\t\t<div class=\"elementor-widget-container\">\n\t\t\t\t\t<h1 class=\"elementor-heading-title elementor-size-default\">Boletines<\/h1>\t\t\t\t<\/div>\n\t\t\t\t<\/div>\n\t\t\t\t\t<\/div>\n\t\t\t\t<\/div>\n\t\t<div class=\"elementor-element elementor-element-7c64b47 e-flex e-con-boxed e-con e-parent\" data-id=\"7c64b47\" data-element_type=\"container\" data-e-type=\"container\">\n\t\t\t\t\t<div class=\"e-con-inner\">\n\t\t\t\t<div class=\"elementor-element elementor-element-57ef34a elementor-widget elementor-widget-spacer\" data-id=\"57ef34a\" data-element_type=\"widget\" data-e-type=\"widget\" data-widget_type=\"spacer.default\">\n\t\t\t\t<div class=\"elementor-widget-container\">\n\t\t\t\t\t\t\t<div class=\"elementor-spacer\">\n\t\t\t<div class=\"elementor-spacer-inner\"><\/div>\n\t\t<\/div>\n\t\t\t\t\t\t<\/div>\n\t\t\t\t<\/div>\n\t\t\t\t\t<\/div>\n\t\t\t\t<\/div>\n\t\t<div class=\"elementor-element elementor-element-d3ebdf1 e-flex e-con-boxed e-con e-parent\" data-id=\"d3ebdf1\" data-element_type=\"container\" data-e-type=\"container\">\n\t\t\t\t\t<div class=\"e-con-inner\">\n\t\t\t\t<div class=\"elementor-element elementor-element-5135eb62 elementor-invisible elementor-widget elementor-widget-heading\" data-id=\"5135eb62\" data-element_type=\"widget\" data-e-type=\"widget\" data-settings=\"{&quot;_animation&quot;:&quot;fadeInUp&quot;}\" data-widget_type=\"heading.default\">\n\t\t\t\t<div class=\"elementor-widget-container\">\n\t\t\t\t\t<h2 class=\"elementor-heading-title elementor-size-default\">Enero -Marzo 2026<\/h2>\t\t\t\t<\/div>\n\t\t\t\t<\/div>\n\t\t\t\t<div class=\"elementor-element elementor-element-d2b4c47 elementor-widget elementor-widget-text-editor\" data-id=\"d2b4c47\" data-element_type=\"widget\" data-e-type=\"widget\" data-widget_type=\"text-editor.default\">\n\t\t\t\t<div class=\"elementor-widget-container\">\n\t\t\t\t\t\t\t\t\t<p>Haz click en las im\u00e1genes para visitar cada bolet\u00edn<\/p>\t\t\t\t\t\t\t\t<\/div>\n\t\t\t\t<\/div>\n\t\t<div class=\"elementor-element elementor-element-1f0de78 e-con-full e-flex e-con e-child\" data-id=\"1f0de78\" data-element_type=\"container\" data-e-type=\"container\">\n\t\t<div class=\"elementor-element elementor-element-b2c3934 e-con-full e-flex elementor-invisible e-con e-child\" data-id=\"b2c3934\" data-element_type=\"container\" data-e-type=\"container\" data-settings=\"{&quot;animation&quot;:&quot;fadeIn&quot;}\">\n\t\t\t\t<div class=\"elementor-element elementor-element-b863512 elementor-widget elementor-widget-image\" data-id=\"b863512\" data-element_type=\"widget\" data-e-type=\"widget\" data-widget_type=\"image.default\">\n\t\t\t\t<div class=\"elementor-widget-container\">\n\t\t\t\t\t\t\t\t\t\t\t\t\t\t\t\t<a href=\"https:\/\/drive.google.com\/file\/d\/1zSFh-y3oz-J-9gE9det5Jt4zzkmX0r6c\/view?usp=sharing\">\n\t\t\t\t\t\t\t<img fetchpriority=\"high\" decoding=\"async\" width=\"724\" height=\"1024\" src=\"https:\/\/eduinnova.med.uchile.cl\/wp-content\/uploads\/2026\/01\/BOLETIN-VINCULACION-CON-EL-MEDIO-1-724x1024.jpg\" class=\"attachment-large size-large wp-image-3206\" alt=\"\" srcset=\"https:\/\/eduinnova.med.uchile.cl\/wp-content\/uploads\/2026\/01\/BOLETIN-VINCULACION-CON-EL-MEDIO-1-724x1024.jpg 724w, https:\/\/eduinnova.med.uchile.cl\/wp-content\/uploads\/2026\/01\/BOLETIN-VINCULACION-CON-EL-MEDIO-1-212x300.jpg 212w, https:\/\/eduinnova.med.uchile.cl\/wp-content\/uploads\/2026\/01\/BOLETIN-VINCULACION-CON-EL-MEDIO-1-768x1086.jpg 768w, https:\/\/eduinnova.med.uchile.cl\/wp-content\/uploads\/2026\/01\/BOLETIN-VINCULACION-CON-EL-MEDIO-1-1086x1536.jpg 1086w, https:\/\/eduinnova.med.uchile.cl\/wp-content\/uploads\/2026\/01\/BOLETIN-VINCULACION-CON-EL-MEDIO-1-1448x2048.jpg 1448w, https:\/\/eduinnova.med.uchile.cl\/wp-content\/uploads\/2026\/01\/BOLETIN-VINCULACION-CON-EL-MEDIO-1.jpg 1655w\" sizes=\"(max-width: 724px) 100vw, 724px\" \/>\t\t\t\t\t\t\t\t<\/a>\n\t\t\t\t\t\t\t\t\t\t\t\t\t\t\t<\/div>\n\t\t\t\t<\/div>\n\t\t<div class=\"elementor-element elementor-element-33b4651 e-con-full e-flex e-con e-child\" data-id=\"33b4651\" data-element_type=\"container\" data-e-type=\"container\">\n\t\t\t\t<div class=\"elementor-element elementor-element-c31b1ff elementor-widget elementor-widget-text-editor\" data-id=\"c31b1ff\" data-element_type=\"widget\" data-e-type=\"widget\" data-widget_type=\"text-editor.default\">\n\t\t\t\t<div class=\"elementor-widget-container\">\n\t\t\t\t\t\t\t\t\t<p><strong>Bolet\u00edn 1<\/strong> &#8211; Vinculaci\u00f3n con el medio.<\/p>\t\t\t\t\t\t\t\t<\/div>\n\t\t\t\t<\/div>\n\t\t\t\t<\/div>\n\t\t\t\t<\/div>\n\t\t<div class=\"elementor-element elementor-element-2743be4 e-con-full e-flex elementor-invisible e-con e-child\" data-id=\"2743be4\" data-element_type=\"container\" data-e-type=\"container\" data-settings=\"{&quot;animation&quot;:&quot;fadeIn&quot;,&quot;animation_delay&quot;:100}\">\n\t\t\t\t<div class=\"elementor-element elementor-element-c27fb40 elementor-widget elementor-widget-image\" data-id=\"c27fb40\" data-element_type=\"widget\" data-e-type=\"widget\" data-widget_type=\"image.default\">\n\t\t\t\t<div class=\"elementor-widget-container\">\n\t\t\t\t\t\t\t\t\t\t\t\t\t\t\t\t<a href=\"https:\/\/drive.google.com\/file\/d\/1qEkyrvmBRzyUCZO1XPNkAgK1WdY6GgS7\/view?usp=sharing\">\n\t\t\t\t\t\t\t<img decoding=\"async\" width=\"724\" height=\"1024\" src=\"https:\/\/eduinnova.med.uchile.cl\/wp-content\/uploads\/2026\/01\/BOLETIN-INTERNADO-MEDICINA_Pagina_01-724x1024.jpg\" class=\"attachment-large size-large wp-image-3210\" alt=\"\" srcset=\"https:\/\/eduinnova.med.uchile.cl\/wp-content\/uploads\/2026\/01\/BOLETIN-INTERNADO-MEDICINA_Pagina_01-724x1024.jpg 724w, https:\/\/eduinnova.med.uchile.cl\/wp-content\/uploads\/2026\/01\/BOLETIN-INTERNADO-MEDICINA_Pagina_01-212x300.jpg 212w, https:\/\/eduinnova.med.uchile.cl\/wp-content\/uploads\/2026\/01\/BOLETIN-INTERNADO-MEDICINA_Pagina_01-768x1086.jpg 768w, https:\/\/eduinnova.med.uchile.cl\/wp-content\/uploads\/2026\/01\/BOLETIN-INTERNADO-MEDICINA_Pagina_01-1086x1536.jpg 1086w, https:\/\/eduinnova.med.uchile.cl\/wp-content\/uploads\/2026\/01\/BOLETIN-INTERNADO-MEDICINA_Pagina_01-1448x2048.jpg 1448w, https:\/\/eduinnova.med.uchile.cl\/wp-content\/uploads\/2026\/01\/BOLETIN-INTERNADO-MEDICINA_Pagina_01.jpg 1655w\" sizes=\"(max-width: 724px) 100vw, 724px\" \/>\t\t\t\t\t\t\t\t<\/a>\n\t\t\t\t\t\t\t\t\t\t\t\t\t\t\t<\/div>\n\t\t\t\t<\/div>\n\t\t<div class=\"elementor-element elementor-element-25a9b00 e-con-full e-flex e-con e-child\" data-id=\"25a9b00\" data-element_type=\"container\" data-e-type=\"container\">\n\t\t\t\t<div class=\"elementor-element elementor-element-90b7ce5 elementor-widget elementor-widget-text-editor\" data-id=\"90b7ce5\" data-element_type=\"widget\" data-e-type=\"widget\" data-widget_type=\"text-editor.default\">\n\t\t\t\t<div class=\"elementor-widget-container\">\n\t\t\t\t\t\t\t\t\t<p><strong>Bolet\u00edn 2<\/strong> &#8211; Internado de medicina.<\/p>\t\t\t\t\t\t\t\t<\/div>\n\t\t\t\t<\/div>\n\t\t\t\t<\/div>\n\t\t\t\t<\/div>\n\t\t<div class=\"elementor-element elementor-element-8108196 e-con-full e-flex elementor-invisible e-con e-child\" data-id=\"8108196\" data-element_type=\"container\" data-e-type=\"container\" data-settings=\"{&quot;animation&quot;:&quot;fadeIn&quot;,&quot;animation_delay&quot;:200}\">\n\t\t\t\t<div class=\"elementor-element elementor-element-3ec4a0a elementor-widget elementor-widget-image\" data-id=\"3ec4a0a\" data-element_type=\"widget\" data-e-type=\"widget\" data-widget_type=\"image.default\">\n\t\t\t\t<div class=\"elementor-widget-container\">\n\t\t\t\t\t\t\t\t\t\t\t\t<figure class=\"wp-caption\">\n\t\t\t\t\t\t\t\t\t\t\t<a href=\"https:\/\/drive.google.com\/file\/d\/1AzDC6S3z4tvAPB3wQGkWPtMb-hobtR7u\/view?usp=sharing\">\n\t\t\t\t\t\t\t<img decoding=\"async\" width=\"724\" height=\"1024\" src=\"https:\/\/eduinnova.med.uchile.cl\/wp-content\/uploads\/2026\/01\/BOLETIN-IDENTIDAD-Y-PROFESIONALISMO-724x1024.jpg\" class=\"attachment-large size-large wp-image-3215\" alt=\"\" srcset=\"https:\/\/eduinnova.med.uchile.cl\/wp-content\/uploads\/2026\/01\/BOLETIN-IDENTIDAD-Y-PROFESIONALISMO-724x1024.jpg 724w, https:\/\/eduinnova.med.uchile.cl\/wp-content\/uploads\/2026\/01\/BOLETIN-IDENTIDAD-Y-PROFESIONALISMO-212x300.jpg 212w, https:\/\/eduinnova.med.uchile.cl\/wp-content\/uploads\/2026\/01\/BOLETIN-IDENTIDAD-Y-PROFESIONALISMO-768x1086.jpg 768w, https:\/\/eduinnova.med.uchile.cl\/wp-content\/uploads\/2026\/01\/BOLETIN-IDENTIDAD-Y-PROFESIONALISMO-1086x1536.jpg 1086w, https:\/\/eduinnova.med.uchile.cl\/wp-content\/uploads\/2026\/01\/BOLETIN-IDENTIDAD-Y-PROFESIONALISMO-1448x2048.jpg 1448w, https:\/\/eduinnova.med.uchile.cl\/wp-content\/uploads\/2026\/01\/BOLETIN-IDENTIDAD-Y-PROFESIONALISMO.jpg 1655w\" sizes=\"(max-width: 724px) 100vw, 724px\" \/>\t\t\t\t\t\t\t\t<\/a>\n\t\t\t\t\t\t\t\t\t\t\t<figcaption class=\"widget-image-caption wp-caption-text\"><\/figcaption>\n\t\t\t\t\t\t\t\t\t\t<\/figure>\n\t\t\t\t\t\t\t\t\t<\/div>\n\t\t\t\t<\/div>\n\t\t<div class=\"elementor-element elementor-element-589cac4 e-con-full e-flex e-con e-child\" data-id=\"589cac4\" data-element_type=\"container\" data-e-type=\"container\">\n\t\t\t\t<div class=\"elementor-element elementor-element-b268dff elementor-widget elementor-widget-text-editor\" data-id=\"b268dff\" data-element_type=\"widget\" data-e-type=\"widget\" data-widget_type=\"text-editor.default\">\n\t\t\t\t<div class=\"elementor-widget-container\">\n\t\t\t\t\t\t\t\t\t<p><strong>Bolet\u00edn 3<\/strong> &#8211; Identidad y profesionalismo.<\/p>\t\t\t\t\t\t\t\t<\/div>\n\t\t\t\t<\/div>\n\t\t\t\t<\/div>\n\t\t\t\t<\/div>\n\t\t\t\t<\/div>\n\t\t\t\t\t<\/div>\n\t\t\t\t<\/div>\n\t\t<div class=\"elementor-element elementor-element-95c252c e-flex e-con-boxed e-con e-parent\" data-id=\"95c252c\" data-element_type=\"container\" data-e-type=\"container\">\n\t\t\t\t\t<div class=\"e-con-inner\">\n\t\t\t\t<div class=\"elementor-element elementor-element-2a95602 elementor-invisible elementor-widget elementor-widget-heading\" data-id=\"2a95602\" data-element_type=\"widget\" data-e-type=\"widget\" data-settings=\"{&quot;_animation&quot;:&quot;fadeInUp&quot;}\" data-widget_type=\"heading.default\">\n\t\t\t\t<div class=\"elementor-widget-container\">\n\t\t\t\t\t<h2 class=\"elementor-heading-title elementor-size-default\">Diciembre 2023<\/h2>\t\t\t\t<\/div>\n\t\t\t\t<\/div>\n\t\t\t\t<div class=\"elementor-element elementor-element-f8aefba elementor-widget elementor-widget-text-editor\" data-id=\"f8aefba\" data-element_type=\"widget\" data-e-type=\"widget\" data-widget_type=\"text-editor.default\">\n\t\t\t\t<div class=\"elementor-widget-container\">\n\t\t\t\t\t\t\t\t\t<p>Haz click en las im\u00e1genes para visitar cada bolet\u00edn<\/p>\t\t\t\t\t\t\t\t<\/div>\n\t\t\t\t<\/div>\n\t\t<div class=\"elementor-element elementor-element-c1e51cf e-con-full e-flex e-con e-child\" data-id=\"c1e51cf\" data-element_type=\"container\" data-e-type=\"container\">\n\t\t<div class=\"elementor-element elementor-element-fd4fd56 e-con-full e-flex elementor-invisible e-con e-child\" data-id=\"fd4fd56\" data-element_type=\"container\" data-e-type=\"container\" data-settings=\"{&quot;animation&quot;:&quot;fadeIn&quot;}\">\n\t\t\t\t<div class=\"elementor-element elementor-element-b6b5837 elementor-widget elementor-widget-image\" data-id=\"b6b5837\" data-element_type=\"widget\" data-e-type=\"widget\" data-widget_type=\"image.default\">\n\t\t\t\t<div class=\"elementor-widget-container\">\n\t\t\t\t\t\t\t\t\t\t\t\t\t\t\t\t<a href=\"https:\/\/drive.google.com\/file\/d\/1ywIYQ2rCvIQOZu_3NJsNTcrARgpcrtf8\/view?usp=sharing\">\n\t\t\t\t\t\t\t<img loading=\"lazy\" decoding=\"async\" width=\"723\" height=\"1024\" src=\"https:\/\/eduinnova.med.uchile.cl\/wp-content\/uploads\/2024\/08\/Boletin1-La-carga-acadeacutemica-prevista-y-real_Pagina_01-723x1024.jpg\" class=\"attachment-large size-large wp-image-767\" alt=\"\" srcset=\"https:\/\/eduinnova.med.uchile.cl\/wp-content\/uploads\/2024\/08\/Boletin1-La-carga-acadeacutemica-prevista-y-real_Pagina_01-723x1024.jpg 723w, https:\/\/eduinnova.med.uchile.cl\/wp-content\/uploads\/2024\/08\/Boletin1-La-carga-acadeacutemica-prevista-y-real_Pagina_01-212x300.jpg 212w, https:\/\/eduinnova.med.uchile.cl\/wp-content\/uploads\/2024\/08\/Boletin1-La-carga-acadeacutemica-prevista-y-real_Pagina_01-768x1087.jpg 768w, https:\/\/eduinnova.med.uchile.cl\/wp-content\/uploads\/2024\/08\/Boletin1-La-carga-acadeacutemica-prevista-y-real_Pagina_01-1085x1536.jpg 1085w, https:\/\/eduinnova.med.uchile.cl\/wp-content\/uploads\/2024\/08\/Boletin1-La-carga-acadeacutemica-prevista-y-real_Pagina_01-1447x2048.jpg 1447w, https:\/\/eduinnova.med.uchile.cl\/wp-content\/uploads\/2024\/08\/Boletin1-La-carga-acadeacutemica-prevista-y-real_Pagina_01.jpg 1653w\" sizes=\"(max-width: 723px) 100vw, 723px\" \/>\t\t\t\t\t\t\t\t<\/a>\n\t\t\t\t\t\t\t\t\t\t\t\t\t\t\t<\/div>\n\t\t\t\t<\/div>\n\t\t<div class=\"elementor-element elementor-element-01d8ae8 e-con-full e-flex e-con e-child\" data-id=\"01d8ae8\" data-element_type=\"container\" data-e-type=\"container\">\n\t\t\t\t<div class=\"elementor-element elementor-element-8f204e7 elementor-widget elementor-widget-text-editor\" data-id=\"8f204e7\" data-element_type=\"widget\" data-e-type=\"widget\" data-widget_type=\"text-editor.default\">\n\t\t\t\t<div class=\"elementor-widget-container\">\n\t\t\t\t\t\t\t\t\t<p><strong>Bolet\u00edn 1<\/strong> &#8211; La carga acad\u00e9mica prevista y real.<\/p>\t\t\t\t\t\t\t\t<\/div>\n\t\t\t\t<\/div>\n\t\t\t\t<\/div>\n\t\t\t\t<\/div>\n\t\t<div class=\"elementor-element elementor-element-c5b169c e-con-full e-flex elementor-invisible e-con e-child\" data-id=\"c5b169c\" data-element_type=\"container\" data-e-type=\"container\" data-settings=\"{&quot;animation&quot;:&quot;fadeIn&quot;,&quot;animation_delay&quot;:100}\">\n\t\t\t\t<div class=\"elementor-element elementor-element-e95b47d elementor-widget elementor-widget-image\" data-id=\"e95b47d\" data-element_type=\"widget\" data-e-type=\"widget\" data-widget_type=\"image.default\">\n\t\t\t\t<div class=\"elementor-widget-container\">\n\t\t\t\t\t\t\t\t\t\t\t\t\t\t\t\t<a href=\"https:\/\/drive.google.com\/file\/d\/1nGGo7f-6sPv6zMq2wAqyrKwwr0R7iHkL\/view?usp=sharing\">\n\t\t\t\t\t\t\t<img loading=\"lazy\" decoding=\"async\" width=\"723\" height=\"1024\" src=\"https:\/\/eduinnova.med.uchile.cl\/wp-content\/uploads\/2024\/08\/Boletin-2-Meacutetodos-de-aprendizaje-y-teacutecnicas-de-estudio_Pagina_01-723x1024.jpg\" class=\"attachment-large size-large wp-image-783\" alt=\"\" srcset=\"https:\/\/eduinnova.med.uchile.cl\/wp-content\/uploads\/2024\/08\/Boletin-2-Meacutetodos-de-aprendizaje-y-teacutecnicas-de-estudio_Pagina_01-723x1024.jpg 723w, https:\/\/eduinnova.med.uchile.cl\/wp-content\/uploads\/2024\/08\/Boletin-2-Meacutetodos-de-aprendizaje-y-teacutecnicas-de-estudio_Pagina_01-212x300.jpg 212w, https:\/\/eduinnova.med.uchile.cl\/wp-content\/uploads\/2024\/08\/Boletin-2-Meacutetodos-de-aprendizaje-y-teacutecnicas-de-estudio_Pagina_01-768x1087.jpg 768w, https:\/\/eduinnova.med.uchile.cl\/wp-content\/uploads\/2024\/08\/Boletin-2-Meacutetodos-de-aprendizaje-y-teacutecnicas-de-estudio_Pagina_01-1085x1536.jpg 1085w, https:\/\/eduinnova.med.uchile.cl\/wp-content\/uploads\/2024\/08\/Boletin-2-Meacutetodos-de-aprendizaje-y-teacutecnicas-de-estudio_Pagina_01-1447x2048.jpg 1447w, https:\/\/eduinnova.med.uchile.cl\/wp-content\/uploads\/2024\/08\/Boletin-2-Meacutetodos-de-aprendizaje-y-teacutecnicas-de-estudio_Pagina_01.jpg 1653w\" sizes=\"(max-width: 723px) 100vw, 723px\" \/>\t\t\t\t\t\t\t\t<\/a>\n\t\t\t\t\t\t\t\t\t\t\t\t\t\t\t<\/div>\n\t\t\t\t<\/div>\n\t\t<div class=\"elementor-element elementor-element-3aa8390 e-con-full e-flex e-con e-child\" data-id=\"3aa8390\" data-element_type=\"container\" data-e-type=\"container\">\n\t\t\t\t<div class=\"elementor-element elementor-element-e79ad85 elementor-widget elementor-widget-text-editor\" data-id=\"e79ad85\" data-element_type=\"widget\" data-e-type=\"widget\" data-widget_type=\"text-editor.default\">\n\t\t\t\t<div class=\"elementor-widget-container\">\n\t\t\t\t\t\t\t\t\t<p><strong>Bolet\u00edn 2<\/strong> &#8211; M\u00e9todos de aprendizaje y t\u00e9cnicas de estudio<\/p>\t\t\t\t\t\t\t\t<\/div>\n\t\t\t\t<\/div>\n\t\t\t\t<\/div>\n\t\t\t\t<\/div>\n\t\t<div class=\"elementor-element elementor-element-27fcd29 e-con-full e-flex elementor-invisible e-con e-child\" data-id=\"27fcd29\" data-element_type=\"container\" data-e-type=\"container\" data-settings=\"{&quot;animation&quot;:&quot;fadeIn&quot;,&quot;animation_delay&quot;:200}\">\n\t\t\t\t<div class=\"elementor-element elementor-element-6ffec99 elementor-widget elementor-widget-image\" data-id=\"6ffec99\" data-element_type=\"widget\" data-e-type=\"widget\" data-widget_type=\"image.default\">\n\t\t\t\t<div class=\"elementor-widget-container\">\n\t\t\t\t\t\t\t\t\t\t\t\t<figure class=\"wp-caption\">\n\t\t\t\t\t\t\t\t\t\t\t<a href=\"https:\/\/drive.google.com\/file\/d\/1O7y30WDqVsD2OHmNY75951nXYKpDHl4B\/view?usp=sharing\">\n\t\t\t\t\t\t\t<img loading=\"lazy\" decoding=\"async\" width=\"723\" height=\"1024\" src=\"https:\/\/eduinnova.med.uchile.cl\/wp-content\/uploads\/2024\/08\/Boletin-3-Percepcioacuten-del-impacto-de-la-unidad-de-evaluacioacuten_Pagina_01-723x1024.jpg\" class=\"attachment-large size-large wp-image-768\" alt=\"\" srcset=\"https:\/\/eduinnova.med.uchile.cl\/wp-content\/uploads\/2024\/08\/Boletin-3-Percepcioacuten-del-impacto-de-la-unidad-de-evaluacioacuten_Pagina_01-723x1024.jpg 723w, https:\/\/eduinnova.med.uchile.cl\/wp-content\/uploads\/2024\/08\/Boletin-3-Percepcioacuten-del-impacto-de-la-unidad-de-evaluacioacuten_Pagina_01-212x300.jpg 212w, https:\/\/eduinnova.med.uchile.cl\/wp-content\/uploads\/2024\/08\/Boletin-3-Percepcioacuten-del-impacto-de-la-unidad-de-evaluacioacuten_Pagina_01-768x1087.jpg 768w, https:\/\/eduinnova.med.uchile.cl\/wp-content\/uploads\/2024\/08\/Boletin-3-Percepcioacuten-del-impacto-de-la-unidad-de-evaluacioacuten_Pagina_01-1085x1536.jpg 1085w, https:\/\/eduinnova.med.uchile.cl\/wp-content\/uploads\/2024\/08\/Boletin-3-Percepcioacuten-del-impacto-de-la-unidad-de-evaluacioacuten_Pagina_01-1447x2048.jpg 1447w, https:\/\/eduinnova.med.uchile.cl\/wp-content\/uploads\/2024\/08\/Boletin-3-Percepcioacuten-del-impacto-de-la-unidad-de-evaluacioacuten_Pagina_01.jpg 1653w\" sizes=\"(max-width: 723px) 100vw, 723px\" \/>\t\t\t\t\t\t\t\t<\/a>\n\t\t\t\t\t\t\t\t\t\t\t<figcaption class=\"widget-image-caption wp-caption-text\"><\/figcaption>\n\t\t\t\t\t\t\t\t\t\t<\/figure>\n\t\t\t\t\t\t\t\t\t<\/div>\n\t\t\t\t<\/div>\n\t\t<div class=\"elementor-element elementor-element-1a7aa54 e-con-full e-flex e-con e-child\" data-id=\"1a7aa54\" data-element_type=\"container\" data-e-type=\"container\">\n\t\t\t\t<div class=\"elementor-element elementor-element-f9341a1 elementor-widget elementor-widget-text-editor\" data-id=\"f9341a1\" data-element_type=\"widget\" data-e-type=\"widget\" data-widget_type=\"text-editor.default\">\n\t\t\t\t<div class=\"elementor-widget-container\">\n\t\t\t\t\t\t\t\t\t<p><strong>Bolet\u00edn 3<\/strong> &#8211; Percepci\u00f3n del impacto de la unidad de evaluaci\u00f3n.<\/p>\t\t\t\t\t\t\t\t<\/div>\n\t\t\t\t<\/div>\n\t\t\t\t<\/div>\n\t\t\t\t<\/div>\n\t\t\t\t<\/div>\n\t\t\t\t\t<\/div>\n\t\t\t\t<\/div>\n\t\t<div class=\"elementor-element elementor-element-29fd418 e-flex e-con-boxed e-con e-parent\" data-id=\"29fd418\" data-element_type=\"container\" data-e-type=\"container\">\n\t\t\t\t\t<div class=\"e-con-inner\">\n\t\t\t\t<div class=\"elementor-element elementor-element-abcb600 elementor-widget elementor-widget-spacer\" data-id=\"abcb600\" data-element_type=\"widget\" data-e-type=\"widget\" data-widget_type=\"spacer.default\">\n\t\t\t\t<div class=\"elementor-widget-container\">\n\t\t\t\t\t\t\t<div class=\"elementor-spacer\">\n\t\t\t<div class=\"elementor-spacer-inner\"><\/div>\n\t\t<\/div>\n\t\t\t\t\t\t<\/div>\n\t\t\t\t<\/div>\n\t\t\t\t\t<\/div>\n\t\t\t\t<\/div>\n\t\t\t\t<\/div>\n\t\t","protected":false},"excerpt":{"rendered":"<p>Boletines Enero -Marzo 2026 Haz click en las im\u00e1genes para visitar cada bolet\u00edn Bolet\u00edn 1 &#8211; Vinculaci\u00f3n con el medio. Bolet\u00edn 2 &#8211; Internado de medicina. Bolet\u00edn 3 &#8211; Identidad y profesionalismo. Diciembre 2023 Haz click en las im\u00e1genes para visitar cada bolet\u00edn Bolet\u00edn 1 &#8211; La carga acad\u00e9mica prevista y real. Bolet\u00edn 2 &#8211; [&hellip;]<\/p>\n","protected":false},"author":1,"featured_media":0,"parent":0,"menu_order":0,"comment_status":"closed","ping_status":"closed","template":"","meta":{"footnotes":""},"class_list":["post-765","page","type-page","status-publish","hentry"],"_links":{"self":[{"href":"https:\/\/eduinnova.med.uchile.cl\/index.php\/wp-json\/wp\/v2\/pages\/765","targetHints":{"allow":["GET"]}}],"collection":[{"href":"https:\/\/eduinnova.med.uchile.cl\/index.php\/wp-json\/wp\/v2\/pages"}],"about":[{"href":"https:\/\/eduinnova.med.uchile.cl\/index.php\/wp-json\/wp\/v2\/types\/page"}],"author":[{"embeddable":true,"href":"https:\/\/eduinnova.med.uchile.cl\/index.php\/wp-json\/wp\/v2\/users\/1"}],"replies":[{"embeddable":true,"href":"https:\/\/eduinnova.med.uchile.cl\/index.php\/wp-json\/wp\/v2\/comments?post=765"}],"version-history":[{"count":55,"href":"https:\/\/eduinnova.med.uchile.cl\/index.php\/wp-json\/wp\/v2\/pages\/765\/revisions"}],"predecessor-version":[{"id":3218,"href":"https:\/\/eduinnova.med.uchile.cl\/index.php\/wp-json\/wp\/v2\/pages\/765\/revisions\/3218"}],"wp:attachment":[{"href":"https:\/\/eduinnova.med.uchile.cl\/index.php\/wp-json\/wp\/v2\/media?parent=765"}],"curies":[{"name":"wp","href":"https:\/\/api.w.org\/{rel}","templated":true}]}}